{"id":400,"date":"2024-05-01T22:15:25","date_gmt":"2024-05-01T22:15:25","guid":{"rendered":"https:\/\/xn--laplaadebats-odb.eu\/?page_id=400"},"modified":"2024-05-01T22:15:26","modified_gmt":"2024-05-01T22:15:26","slug":"unete-nuevo","status":"publish","type":"page","link":"https:\/\/xn--laplaadebats-odb.eu\/index.php\/unete-nuevo\/","title":{"rendered":"\u00danete nuevo"},"content":{"rendered":"<div class=\"bm-builder clearfix \"><div id=\"\" class=\"module col-12 module-id-1714600257730\" data-module-col=\"12\"><div class=\"module-inside text-inside\" style=\"--top-mod: 40px;--bottom-mod: 0px;--top-mod-t: 40px;--bottom-mod-t: 0px;--top-mod-m:20px;--bottom-mod-m:0px;\" ><div class=\"text_block_out\"  data-effect=\"standard\" style=\"\"><div class=\"text_block ux-mod-nobg\"><div class=\"text_block_inn\"><div id=\"text-1714600257730\" class=\"text_block_centered text_block_centered_enable_width\"  style=\"\"><h1 style=\"text-align: center;\"><span style=\"font-size: 180px;\">\u00daNETE<\/span><\/h1><\/div><\/div><\/div><\/div><\/div><\/div><div id=\"\" class=\"module col-9 module-id-1714600257862 col-offset-3\" data-module-col=\"9\"><div class=\"module-inside contact-form-inside\" style=\"--top-mod: 100px;--bottom-mod: 0px;--top-mod-t: 100px;--bottom-mod-t: 0px;--top-mod-m:50px;--bottom-mod-m:0px;\" ><div class=\"contactform ux-mod-nobg \"  style=\"--btnTextColor:#ffffff;--btnBgColor:#000000;--btnTextColorHover:#000000;--btnBgColorHover:#ffffff;\">\n<div class=\"wpcf7 no-js\" id=\"wpcf7-f305-o1\" lang=\"es-ES\" dir=\"ltr\">\n<div class=\"screen-reader-response\"><p role=\"status\" aria-live=\"polite\" aria-atomic=\"true\"><\/p> <ul><\/ul><\/div>\n<form action=\"\/index.php\/wp-json\/wp\/v2\/pages\/400#wpcf7-f305-o1\" method=\"post\" class=\"wpcf7-form init\" aria-label=\"Formulario de contacto\" novalidate=\"novalidate\" data-status=\"init\">\n<div style=\"display: none;\">\n<input type=\"hidden\" name=\"_wpcf7\" value=\"305\" \/>\n<input type=\"hidden\" name=\"_wpcf7_version\" value=\"5.9.8\" \/>\n<input type=\"hidden\" name=\"_wpcf7_locale\" value=\"es_ES\" \/>\n<input type=\"hidden\" name=\"_wpcf7_unit_tag\" value=\"wpcf7-f305-o1\" \/>\n<input type=\"hidden\" name=\"_wpcf7_container_post\" value=\"0\" \/>\n<input type=\"hidden\" name=\"_wpcf7_posted_data_hash\" value=\"\" \/>\n<\/div>\n<p><label> Nom i congnoms<br \/>\n<span class=\"wpcf7-form-control-wrap\" data-name=\"your-name\"><input size=\"40\" maxlength=\"400\" class=\"wpcf7-form-control wpcf7-text wpcf7-validates-as-required\" autocomplete=\"name\" aria-required=\"true\" aria-invalid=\"false\" value=\"\" type=\"text\" name=\"your-name\" \/><\/span> <\/label>\n<\/p>\n<p><label> Correu electr\u00f2nic<br \/>\n<span class=\"wpcf7-form-control-wrap\" data-name=\"your-email\"><input size=\"40\" maxlength=\"400\" class=\"wpcf7-form-control wpcf7-email wpcf7-validates-as-required wpcf7-text wpcf7-validates-as-email\" autocomplete=\"email\" aria-required=\"true\" aria-invalid=\"false\" value=\"\" type=\"email\" name=\"your-email\" \/><\/span> <\/label>\n<\/p>\n<p><label> Tel\u00e8fon<br \/>\n<span class=\"wpcf7-form-control-wrap\" data-name=\"your-subject\"><input size=\"40\" maxlength=\"400\" class=\"wpcf7-form-control wpcf7-text wpcf7-validates-as-required\" aria-required=\"true\" aria-invalid=\"false\" value=\"\" type=\"text\" name=\"your-subject\" \/><\/span> <\/label>\n<\/p>\n<p><span class=\"wpcf7-form-control-wrap\" data-name=\"acceptance-310\"><span class=\"wpcf7-form-control wpcf7-acceptance optional\"><span class=\"wpcf7-list-item\"><label><input type=\"checkbox\" name=\"acceptance-310\" value=\"1\" aria-invalid=\"false\" \/><span class=\"wpcf7-list-item-label\"><a href=\"privacy-policy\" rel=\"nofollow\" target=\"_blank\"><font size=5> He llegit i accepte la <\/font><u><font size=5>pol\u00edtica de privacitat<\/font><\/u>\n<\/a><\/span><\/label><\/span><\/span><\/span>\n<\/p>\n<p><input class=\"wpcf7-form-control wpcf7-submit has-spinner\" type=\"submit\" value=\"Enviar\" \/>\n<\/p><p style=\"display: none !important;\" class=\"akismet-fields-container\" data-prefix=\"_wpcf7_ak_\"><label>&#916;<textarea name=\"_wpcf7_ak_hp_textarea\" cols=\"45\" rows=\"8\" maxlength=\"100\"><\/textarea><\/label><input type=\"hidden\" id=\"ak_js_1\" name=\"_wpcf7_ak_js\" value=\"68\"\/><script>document.getElementById( \"ak_js_1\" ).setAttribute( \"value\", ( new Date() ).getTime() );<\/script><\/p><div class=\"wpcf7-response-output\" aria-hidden=\"true\"><\/div>\n<\/form>\n<\/div>\n<\/div><\/div><\/div><div id=\"\" class=\"module col-12 module-id-1714600257952\" data-module-col=\"12\"><div class=\"module-inside text-inside\" style=\"--top-mod: 160px;--bottom-mod: 0px;--top-mod-t: 160px;--bottom-mod-t: 0px;--top-mod-m:80px;--bottom-mod-m:0px;\" ><div class=\"text_block_out\"  data-effect=\"standard\" style=\"\"><div class=\"text_block ux-mod-nobg\"><div class=\"text_block_inn\"><div id=\"text-1714600257952\" class=\"text_block_centered text_block_centered_enable_width\"  style=\"\"><\/div><\/div><\/div><\/div><\/div><\/div><\/div>","protected":false},"excerpt":{"rendered":"<p>\u00daNETE Nom i congnoms Correu electr\u00f2nic Tel\u00e8fon He llegit i &hellip;<\/p>\n","protected":false},"author":1,"featured_media":0,"parent":0,"menu_order":0,"comment_status":"closed","ping_status":"closed","template":"","meta":{"footnotes":""},"class_list":["post-400","page","type-page","status-publish","hentry"],"yoast_head":"<!-- This site is optimized with the Yoast SEO plugin v23.4 - https:\/\/yoast.com\/wordpress\/plugins\/seo\/ -->\n<title>\u00danete nuevo - LA PLA\u00c7A<\/title>\n<meta name=\"robots\" content=\"index, follow, max-snippet:-1, max-image-preview:large, max-video-preview:-1\" \/>\n<link rel=\"canonical\" href=\"https:\/\/xn--laplaadebats-odb.eu\/index.php\/unete-nuevo\/\" \/>\n<meta property=\"og:locale\" content=\"es_ES\" \/>\n<meta property=\"og:type\" content=\"article\" \/>\n<meta property=\"og:title\" content=\"\u00danete nuevo - LA PLA\u00c7A\" \/>\n<meta property=\"og:description\" content=\"\u00daNETE Nom i congnoms Correu electr\u00f2nic Tel\u00e8fon He llegit i &hellip;\" \/>\n<meta property=\"og:url\" content=\"https:\/\/xn--laplaadebats-odb.eu\/index.php\/unete-nuevo\/\" \/>\n<meta property=\"og:site_name\" content=\"LA PLA\u00c7A\" \/>\n<meta property=\"article:modified_time\" content=\"2024-05-01T22:15:26+00:00\" \/>\n<meta name=\"twitter:card\" content=\"summary_large_image\" \/>\n<script type=\"application\/ld+json\" class=\"yoast-schema-graph\">{\"@context\":\"https:\/\/schema.org\",\"@graph\":[{\"@type\":\"WebPage\",\"@id\":\"https:\/\/xn--laplaadebats-odb.eu\/index.php\/unete-nuevo\/\",\"url\":\"https:\/\/xn--laplaadebats-odb.eu\/index.php\/unete-nuevo\/\",\"name\":\"\u00danete nuevo - LA PLA\u00c7A\",\"isPartOf\":{\"@id\":\"https:\/\/xn--laplaadebats-odb.eu\/#website\"},\"datePublished\":\"2024-05-01T22:15:25+00:00\",\"dateModified\":\"2024-05-01T22:15:26+00:00\",\"breadcrumb\":{\"@id\":\"https:\/\/xn--laplaadebats-odb.eu\/index.php\/unete-nuevo\/#breadcrumb\"},\"inLanguage\":\"es\",\"potentialAction\":[{\"@type\":\"ReadAction\",\"target\":[\"https:\/\/xn--laplaadebats-odb.eu\/index.php\/unete-nuevo\/\"]}]},{\"@type\":\"BreadcrumbList\",\"@id\":\"https:\/\/xn--laplaadebats-odb.eu\/index.php\/unete-nuevo\/#breadcrumb\",\"itemListElement\":[{\"@type\":\"ListItem\",\"position\":1,\"name\":\"Portada\",\"item\":\"https:\/\/xn--laplaadebats-odb.eu\/\"},{\"@type\":\"ListItem\",\"position\":2,\"name\":\"\u00danete nuevo\"}]},{\"@type\":\"WebSite\",\"@id\":\"https:\/\/xn--laplaadebats-odb.eu\/#website\",\"url\":\"https:\/\/xn--laplaadebats-odb.eu\/\",\"name\":\"La Pla\u00e7a, debats\",\"description\":\"Debats de La Pla\u00e7a\",\"publisher\":{\"@id\":\"https:\/\/xn--laplaadebats-odb.eu\/#organization\"},\"potentialAction\":[{\"@type\":\"SearchAction\",\"target\":{\"@type\":\"EntryPoint\",\"urlTemplate\":\"https:\/\/xn--laplaadebats-odb.eu\/?s={search_term_string}\"},\"query-input\":{\"@type\":\"PropertyValueSpecification\",\"valueRequired\":true,\"valueName\":\"search_term_string\"}}],\"inLanguage\":\"es\"},{\"@type\":\"Organization\",\"@id\":\"https:\/\/xn--laplaadebats-odb.eu\/#organization\",\"name\":\"La Pla\u00e7a, debats\",\"url\":\"https:\/\/xn--laplaadebats-odb.eu\/\",\"logo\":{\"@type\":\"ImageObject\",\"inLanguage\":\"es\",\"@id\":\"https:\/\/xn--laplaadebats-odb.eu\/#\/schema\/logo\/image\/\",\"url\":\"https:\/\/xn--laplaadebats-odb.eu\/wp-content\/uploads\/2024\/05\/Captura-de-pantalla-2024-05-31-111331.png\",\"contentUrl\":\"https:\/\/xn--laplaadebats-odb.eu\/wp-content\/uploads\/2024\/05\/Captura-de-pantalla-2024-05-31-111331.png\",\"width\":498,\"height\":174,\"caption\":\"La Pla\u00e7a, debats\"},\"image\":{\"@id\":\"https:\/\/xn--laplaadebats-odb.eu\/#\/schema\/logo\/image\/\"}}]}<\/script>\n<!-- \/ Yoast SEO plugin. -->","yoast_head_json":{"title":"\u00danete nuevo - LA PLA\u00c7A","robots":{"index":"index","follow":"follow","max-snippet":"max-snippet:-1","max-image-preview":"max-image-preview:large","max-video-preview":"max-video-preview:-1"},"canonical":"https:\/\/xn--laplaadebats-odb.eu\/index.php\/unete-nuevo\/","og_locale":"es_ES","og_type":"article","og_title":"\u00danete nuevo - LA PLA\u00c7A","og_description":"\u00daNETE Nom i congnoms Correu electr\u00f2nic Tel\u00e8fon He llegit i &hellip;","og_url":"https:\/\/xn--laplaadebats-odb.eu\/index.php\/unete-nuevo\/","og_site_name":"LA PLA\u00c7A","article_modified_time":"2024-05-01T22:15:26+00:00","twitter_card":"summary_large_image","schema":{"@context":"https:\/\/schema.org","@graph":[{"@type":"WebPage","@id":"https:\/\/xn--laplaadebats-odb.eu\/index.php\/unete-nuevo\/","url":"https:\/\/xn--laplaadebats-odb.eu\/index.php\/unete-nuevo\/","name":"\u00danete nuevo - LA PLA\u00c7A","isPartOf":{"@id":"https:\/\/xn--laplaadebats-odb.eu\/#website"},"datePublished":"2024-05-01T22:15:25+00:00","dateModified":"2024-05-01T22:15:26+00:00","breadcrumb":{"@id":"https:\/\/xn--laplaadebats-odb.eu\/index.php\/unete-nuevo\/#breadcrumb"},"inLanguage":"es","potentialAction":[{"@type":"ReadAction","target":["https:\/\/xn--laplaadebats-odb.eu\/index.php\/unete-nuevo\/"]}]},{"@type":"BreadcrumbList","@id":"https:\/\/xn--laplaadebats-odb.eu\/index.php\/unete-nuevo\/#breadcrumb","itemListElement":[{"@type":"ListItem","position":1,"name":"Portada","item":"https:\/\/xn--laplaadebats-odb.eu\/"},{"@type":"ListItem","position":2,"name":"\u00danete nuevo"}]},{"@type":"WebSite","@id":"https:\/\/xn--laplaadebats-odb.eu\/#website","url":"https:\/\/xn--laplaadebats-odb.eu\/","name":"La Pla\u00e7a, debats","description":"Debats de La Pla\u00e7a","publisher":{"@id":"https:\/\/xn--laplaadebats-odb.eu\/#organization"},"potentialAction":[{"@type":"SearchAction","target":{"@type":"EntryPoint","urlTemplate":"https:\/\/xn--laplaadebats-odb.eu\/?s={search_term_string}"},"query-input":{"@type":"PropertyValueSpecification","valueRequired":true,"valueName":"search_term_string"}}],"inLanguage":"es"},{"@type":"Organization","@id":"https:\/\/xn--laplaadebats-odb.eu\/#organization","name":"La Pla\u00e7a, debats","url":"https:\/\/xn--laplaadebats-odb.eu\/","logo":{"@type":"ImageObject","inLanguage":"es","@id":"https:\/\/xn--laplaadebats-odb.eu\/#\/schema\/logo\/image\/","url":"https:\/\/xn--laplaadebats-odb.eu\/wp-content\/uploads\/2024\/05\/Captura-de-pantalla-2024-05-31-111331.png","contentUrl":"https:\/\/xn--laplaadebats-odb.eu\/wp-content\/uploads\/2024\/05\/Captura-de-pantalla-2024-05-31-111331.png","width":498,"height":174,"caption":"La Pla\u00e7a, debats"},"image":{"@id":"https:\/\/xn--laplaadebats-odb.eu\/#\/schema\/logo\/image\/"}}]}},"_links":{"self":[{"href":"https:\/\/xn--laplaadebats-odb.eu\/index.php\/wp-json\/wp\/v2\/pages\/400","targetHints":{"allow":["GET"]}}],"collection":[{"href":"https:\/\/xn--laplaadebats-odb.eu\/index.php\/wp-json\/wp\/v2\/pages"}],"about":[{"href":"https:\/\/xn--laplaadebats-odb.eu\/index.php\/wp-json\/wp\/v2\/types\/page"}],"author":[{"embeddable":true,"href":"https:\/\/xn--laplaadebats-odb.eu\/index.php\/wp-json\/wp\/v2\/users\/1"}],"replies":[{"embeddable":true,"href":"https:\/\/xn--laplaadebats-odb.eu\/index.php\/wp-json\/wp\/v2\/comments?post=400"}],"version-history":[{"count":2,"href":"https:\/\/xn--laplaadebats-odb.eu\/index.php\/wp-json\/wp\/v2\/pages\/400\/revisions"}],"predecessor-version":[{"id":414,"href":"https:\/\/xn--laplaadebats-odb.eu\/index.php\/wp-json\/wp\/v2\/pages\/400\/revisions\/414"}],"wp:attachment":[{"href":"https:\/\/xn--laplaadebats-odb.eu\/index.php\/wp-json\/wp\/v2\/media?parent=400"}],"curies":[{"name":"wp","href":"https:\/\/api.w.org\/{rel}","templated":true}]}}